{"id":692,"date":"2023-11-18T01:35:35","date_gmt":"2023-11-18T01:35:35","guid":{"rendered":"https:\/\/zincofilms.com\/?page_id=692"},"modified":"2023-11-19T18:02:51","modified_gmt":"2023-11-19T18:02:51","slug":"contacto","status":"publish","type":"page","link":"https:\/\/zincofilms.com\/en\/contacto\/","title":{"rendered":"CONTACT US"},"content":{"rendered":"<div data-elementor-type=\"wp-page\" data-elementor-id=\"692\" class=\"elementor elementor-692\" data-elementor-post-type=\"page\">\n\t\t\t\t\t\t<section class=\"elementor-section elementor-top-section elementor-element elementor-element-749f3633 elementor-section-height-min-height elementor-section-boxed elementor-section-height-default elementor-section-items-middle wpr-particle-no wpr-jarallax-no wpr-parallax-no wpr-sticky-section-no wpr-equal-height-no\" data-id=\"749f3633\" data-element_type=\"section\" data-e-type=\"section\" data-settings=\"{&quot;background_background&quot;:&quot;classic&quot;}\">\n\t\t\t\t\t\t\t<div class=\"elementor-background-overlay\"><\/div>\n\t\t\t\t\t\t\t<div class=\"elementor-container elementor-column-gap-default\">\n\t\t\t\t\t<div class=\"elementor-column elementor-col-100 elementor-top-column elementor-element elementor-element-2d2b76c\" data-id=\"2d2b76c\" data-element_type=\"column\" data-e-type=\"column\">\n\t\t\t<div class=\"elementor-widget-wrap elementor-element-populated\">\n\t\t\t\t\t\t<div class=\"elementor-element elementor-element-768e6ff5 elementor-widget elementor-widget-elementskit-heading\" data-id=\"768e6ff5\" data-element_type=\"widget\" data-e-type=\"widget\" data-widget_type=\"elementskit-heading.default\">\n\t\t\t\t<div class=\"elementor-widget-container\">\n\t\t\t\t\t<div class=\"ekit-wid-con\" ><div class=\"ekit-heading elementskit-section-title-wraper text_left   ekit_heading_tablet-   ekit_heading_mobile-\"><h2 class=\"ekit-heading--title elementskit-section-title\">CONTACT<span><span>US<\/span><\/span><\/h2><\/div><\/div>\t\t\t\t<\/div>\n\t\t\t\t<\/div>\n\t\t\t\t\t<\/div>\n\t\t<\/div>\n\t\t\t\t\t<\/div>\n\t\t<\/section>\n\t\t\t\t<section class=\"elementor-section elementor-top-section elementor-element elementor-element-7873204e elementor-section-boxed elementor-section-height-default elementor-section-height-default wpr-particle-no wpr-jarallax-no wpr-parallax-no wpr-sticky-section-no wpr-equal-height-no\" data-id=\"7873204e\" data-element_type=\"section\" data-e-type=\"section\" data-settings=\"{&quot;background_background&quot;:&quot;classic&quot;}\">\n\t\t\t\t\t\t\t<div class=\"elementor-background-overlay\"><\/div>\n\t\t\t\t\t\t\t<div class=\"elementor-container elementor-column-gap-default\">\n\t\t\t\t\t<div class=\"elementor-column elementor-col-50 elementor-top-column elementor-element elementor-element-480a8091\" data-id=\"480a8091\" data-element_type=\"column\" data-e-type=\"column\">\n\t\t\t<div class=\"elementor-widget-wrap elementor-element-populated\">\n\t\t\t\t\t\t<div class=\"elementor-element elementor-element-9fb08df elementor-widget elementor-widget-google_maps\" data-id=\"9fb08df\" data-element_type=\"widget\" data-e-type=\"widget\" data-widget_type=\"google_maps.default\">\n\t\t\t\t<div class=\"elementor-widget-container\">\n\t\t\t\t\t\t\t<div class=\"elementor-custom-embed\">\n\t\t\t<iframe loading=\"lazy\"\n\t\t\t\t\tsrc=\"https:\/\/maps.google.com\/maps?q=Zinco%20films%2C%20Jose%20Ortiz%2C%20%20Orquideas%2C%20Quito%2C%20Ecuador&#038;t=m&#038;z=14&#038;output=embed&#038;iwloc=near\"\n\t\t\t\t\ttitle=\"Zinco films, Jose Ortiz,  Orquideas, Quito, Ecuador\"\n\t\t\t\t\taria-label=\"Zinco films, Jose Ortiz,  Orquideas, Quito, Ecuador\"\n\t\t\t><\/iframe>\n\t\t<\/div>\n\t\t\t\t\t\t<\/div>\n\t\t\t\t<\/div>\n\t\t\t\t<section class=\"elementor-section elementor-inner-section elementor-element elementor-element-203bf0b5 elementor-section-boxed elementor-section-height-default elementor-section-height-default wpr-particle-no wpr-jarallax-no wpr-parallax-no wpr-sticky-section-no wpr-equal-height-no\" data-id=\"203bf0b5\" data-element_type=\"section\" data-e-type=\"section\">\n\t\t\t\t\t\t<div class=\"elementor-container elementor-column-gap-default\">\n\t\t\t\t\t<div class=\"elementor-column elementor-col-50 elementor-inner-column elementor-element elementor-element-445b1ff0\" data-id=\"445b1ff0\" data-element_type=\"column\" data-e-type=\"column\">\n\t\t\t<div class=\"elementor-widget-wrap elementor-element-populated\">\n\t\t\t\t\t\t<div class=\"elementor-element elementor-element-387b5507 elementor-position-inline-start elementor-view-default elementor-mobile-position-block-start elementor-widget elementor-widget-icon-box\" data-id=\"387b5507\" data-element_type=\"widget\" data-e-type=\"widget\" data-widget_type=\"icon-box.default\">\n\t\t\t\t<div class=\"elementor-widget-container\">\n\t\t\t\t\t\t\t<div class=\"elementor-icon-box-wrapper\">\n\n\t\t\t\t\t\t<div class=\"elementor-icon-box-icon\">\n\t\t\t\t<span  class=\"elementor-icon\">\n\t\t\t\t<i aria-hidden=\"true\" class=\"icon icon-phone1\"><\/i>\t\t\t\t<\/span>\n\t\t\t<\/div>\n\t\t\t\n\t\t\t\t\t\t<div class=\"elementor-icon-box-content\">\n\n\t\t\t\t\t\t\t\t\t<h5 class=\"elementor-icon-box-title\">\n\t\t\t\t\t\t<span  >\n\t\t\t\t\t\t\tCell\t\t\t\t\t\t<\/span>\n\t\t\t\t\t<\/h5>\n\t\t\t\t\n\t\t\t\t\t\t\t\t\t<p class=\"elementor-icon-box-description\">\n\t\t\t\t\t\t(593) 992 874 991\t\t\t\t\t<\/p>\n\t\t\t\t\n\t\t\t<\/div>\n\t\t\t\n\t\t<\/div>\n\t\t\t\t\t\t<\/div>\n\t\t\t\t<\/div>\n\t\t\t\t\t<\/div>\n\t\t<\/div>\n\t\t\t\t<div class=\"elementor-column elementor-col-50 elementor-inner-column elementor-element elementor-element-3583ec3a\" data-id=\"3583ec3a\" data-element_type=\"column\" data-e-type=\"column\">\n\t\t\t<div class=\"elementor-widget-wrap elementor-element-populated\">\n\t\t\t\t\t\t<div class=\"elementor-element elementor-element-5f06063e elementor-position-inline-start elementor-view-default elementor-mobile-position-block-start elementor-widget elementor-widget-icon-box\" data-id=\"5f06063e\" data-element_type=\"widget\" data-e-type=\"widget\" data-widget_type=\"icon-box.default\">\n\t\t\t\t<div class=\"elementor-widget-container\">\n\t\t\t\t\t\t\t<div class=\"elementor-icon-box-wrapper\">\n\n\t\t\t\t\t\t<div class=\"elementor-icon-box-icon\">\n\t\t\t\t<span  class=\"elementor-icon\">\n\t\t\t\t<i aria-hidden=\"true\" class=\"icon icon-email\"><\/i>\t\t\t\t<\/span>\n\t\t\t<\/div>\n\t\t\t\n\t\t\t\t\t\t<div class=\"elementor-icon-box-content\">\n\n\t\t\t\t\t\t\t\t\t<h5 class=\"elementor-icon-box-title\">\n\t\t\t\t\t\t<span  >\n\t\t\t\t\t\t\tEmail\t\t\t\t\t\t<\/span>\n\t\t\t\t\t<\/h5>\n\t\t\t\t\n\t\t\t\t\t\t\t\t\t<p class=\"elementor-icon-box-description\">\n\t\t\t\t\t\tcontacto@zincofilms.com\t\t\t\t\t<\/p>\n\t\t\t\t\n\t\t\t<\/div>\n\t\t\t\n\t\t<\/div>\n\t\t\t\t\t\t<\/div>\n\t\t\t\t<\/div>\n\t\t\t\t\t<\/div>\n\t\t<\/div>\n\t\t\t\t\t<\/div>\n\t\t<\/section>\n\t\t\t\t<section class=\"elementor-section elementor-inner-section elementor-element elementor-element-79f26966 elementor-section-boxed elementor-section-height-default elementor-section-height-default wpr-particle-no wpr-jarallax-no wpr-parallax-no wpr-sticky-section-no wpr-equal-height-no\" data-id=\"79f26966\" data-element_type=\"section\" data-e-type=\"section\">\n\t\t\t\t\t\t<div class=\"elementor-container elementor-column-gap-default\">\n\t\t\t\t\t<div class=\"elementor-column elementor-col-50 elementor-inner-column elementor-element elementor-element-5b458bc3\" data-id=\"5b458bc3\" data-element_type=\"column\" data-e-type=\"column\">\n\t\t\t<div class=\"elementor-widget-wrap elementor-element-populated\">\n\t\t\t\t\t\t<div class=\"elementor-element elementor-element-33e00419 elementor-position-inline-start elementor-view-default elementor-mobile-position-block-start elementor-widget elementor-widget-icon-box\" data-id=\"33e00419\" data-element_type=\"widget\" data-e-type=\"widget\" data-widget_type=\"icon-box.default\">\n\t\t\t\t<div class=\"elementor-widget-container\">\n\t\t\t\t\t\t\t<div class=\"elementor-icon-box-wrapper\">\n\n\t\t\t\t\t\t<div class=\"elementor-icon-box-icon\">\n\t\t\t\t<span  class=\"elementor-icon\">\n\t\t\t\t<i aria-hidden=\"true\" class=\"icon icon-globe\"><\/i>\t\t\t\t<\/span>\n\t\t\t<\/div>\n\t\t\t\n\t\t\t\t\t\t<div class=\"elementor-icon-box-content\">\n\n\t\t\t\t\t\t\t\t\t<h5 class=\"elementor-icon-box-title\">\n\t\t\t\t\t\t<span  >\n\t\t\t\t\t\t\tWebsite\t\t\t\t\t\t<\/span>\n\t\t\t\t\t<\/h5>\n\t\t\t\t\n\t\t\t\t\t\t\t\t\t<p class=\"elementor-icon-box-description\">\n\t\t\t\t\t\twww.zincofilms.com\n\n\t\t\t\t\t<\/p>\n\t\t\t\t\n\t\t\t<\/div>\n\t\t\t\n\t\t<\/div>\n\t\t\t\t\t\t<\/div>\n\t\t\t\t<\/div>\n\t\t\t\t\t<\/div>\n\t\t<\/div>\n\t\t\t\t<div class=\"elementor-column elementor-col-50 elementor-inner-column elementor-element elementor-element-426d7a6b\" data-id=\"426d7a6b\" data-element_type=\"column\" data-e-type=\"column\">\n\t\t\t<div class=\"elementor-widget-wrap elementor-element-populated\">\n\t\t\t\t\t\t<div class=\"elementor-element elementor-element-25e60801 elementor-position-inline-start elementor-view-default elementor-mobile-position-block-start elementor-widget elementor-widget-icon-box\" data-id=\"25e60801\" data-element_type=\"widget\" data-e-type=\"widget\" data-widget_type=\"icon-box.default\">\n\t\t\t\t<div class=\"elementor-widget-container\">\n\t\t\t\t\t\t\t<div class=\"elementor-icon-box-wrapper\">\n\n\t\t\t\t\t\t<div class=\"elementor-icon-box-icon\">\n\t\t\t\t<span  class=\"elementor-icon\">\n\t\t\t\t<i aria-hidden=\"true\" class=\"icon icon-map-marker1\"><\/i>\t\t\t\t<\/span>\n\t\t\t<\/div>\n\t\t\t\n\t\t\t\t\t\t<div class=\"elementor-icon-box-content\">\n\n\t\t\t\t\t\t\t\t\t<h5 class=\"elementor-icon-box-title\">\n\t\t\t\t\t\t<span  >\n\t\t\t\t\t\t\tAddress\t\t\t\t\t\t<\/span>\n\t\t\t\t\t<\/h5>\n\t\t\t\t\n\t\t\t\t\t\t\t\t\t<p class=\"elementor-icon-box-description\">\n\t\t\t\t\t\tE16-16,  Orqu\u00eddeas\t\t\t\t\t<\/p>\n\t\t\t\t\n\t\t\t<\/div>\n\t\t\t\n\t\t<\/div>\n\t\t\t\t\t\t<\/div>\n\t\t\t\t<\/div>\n\t\t\t\t\t<\/div>\n\t\t<\/div>\n\t\t\t\t\t<\/div>\n\t\t<\/section>\n\t\t\t\t\t<\/div>\n\t\t<\/div>\n\t\t\t\t<div class=\"elementor-column elementor-col-50 elementor-top-column elementor-element elementor-element-32637098\" data-id=\"32637098\" data-element_type=\"column\" data-e-type=\"column\" data-settings=\"{&quot;background_background&quot;:&quot;classic&quot;}\">\n\t\t\t<div class=\"elementor-widget-wrap elementor-element-populated\">\n\t\t\t\t\t\t<div class=\"elementor-element elementor-element-53145eb2 elementor-widget elementor-widget-heading\" data-id=\"53145eb2\" data-element_type=\"widget\" data-e-type=\"widget\" data-widget_type=\"heading.default\">\n\t\t\t\t<div class=\"elementor-widget-container\">\n\t\t\t\t\t<h5 class=\"elementor-heading-title elementor-size-default\">TAKE YOUR FIRST STEP<\/h5>\t\t\t\t<\/div>\n\t\t\t\t<\/div>\n\t\t\t\t<div class=\"elementor-element elementor-element-44c13133 elementor-widget elementor-widget-heading\" data-id=\"44c13133\" data-element_type=\"widget\" data-e-type=\"widget\" data-widget_type=\"heading.default\">\n\t\t\t\t<div class=\"elementor-widget-container\">\n\t\t\t\t\t<h3 class=\"elementor-heading-title elementor-size-default\">WE FIT YOUR BUDGET<\/h3>\t\t\t\t<\/div>\n\t\t\t\t<\/div>\n\t\t\t\t<div class=\"elementor-element elementor-element-7db4e3d5 elementor-align-center elementor-widget elementor-widget-button\" data-id=\"7db4e3d5\" data-element_type=\"widget\" data-e-type=\"widget\" data-widget_type=\"button.default\">\n\t\t\t\t<div class=\"elementor-widget-container\">\n\t\t\t\t\t\t\t\t\t<div class=\"elementor-button-wrapper\">\n\t\t\t\t\t<a class=\"elementor-button elementor-button-link elementor-size-sm elementor-animation-shrink\" href=\"https:\/\/api.whatsapp.com\/send?phone=593992874991&#038;text=Hola,%20deseo%20cotizar%20mi%20video\">\n\t\t\t\t\t\t<span class=\"elementor-button-content-wrapper\">\n\t\t\t\t\t\t<span class=\"elementor-button-icon\">\n\t\t\t\t<svg aria-hidden=\"true\" class=\"e-font-icon-svg e-fas-film\" viewbox=\"0 0 512 512\" xmlns=\"http:\/\/www.w3.org\/2000\/svg\"><path d=\"M488 64h-8v20c0 6.6-5.4 12-12 12h-40c-6.6 0-12-5.4-12-12V64H96v20c0 6.6-5.4 12-12 12H44c-6.6 0-12-5.4-12-12V64h-8C10.7 64 0 74.7 0 88v336c0 13.3 10.7 24 24 24h8v-20c0-6.6 5.4-12 12-12h40c6.6 0 12 5.4 12 12v20h320v-20c0-6.6 5.4-12 12-12h40c6.6 0 12 5.4 12 12v20h8c13.3 0 24-10.7 24-24V88c0-13.3-10.7-24-24-24zM96 372c0 6.6-5.4 12-12 12H44c-6.6 0-12-5.4-12-12v-40c0-6.6 5.4-12 12-12h40c6.6 0 12 5.4 12 12v40zm0-96c0 6.6-5.4 12-12 12H44c-6.6 0-12-5.4-12-12v-40c0-6.6 5.4-12 12-12h40c6.6 0 12 5.4 12 12v40zm0-96c0 6.6-5.4 12-12 12H44c-6.6 0-12-5.4-12-12v-40c0-6.6 5.4-12 12-12h40c6.6 0 12 5.4 12 12v40zm272 208c0 6.6-5.4 12-12 12H156c-6.6 0-12-5.4-12-12v-96c0-6.6 5.4-12 12-12h200c6.6 0 12 5.4 12 12v96zm0-168c0 6.6-5.4 12-12 12H156c-6.6 0-12-5.4-12-12v-96c0-6.6 5.4-12 12-12h200c6.6 0 12 5.4 12 12v96zm112 152c0 6.6-5.4 12-12 12h-40c-6.6 0-12-5.4-12-12v-40c0-6.6 5.4-12 12-12h40c6.6 0 12 5.4 12 12v40zm0-96c0 6.6-5.4 12-12 12h-40c-6.6 0-12-5.4-12-12v-40c0-6.6 5.4-12 12-12h40c6.6 0 12 5.4 12 12v40zm0-96c0 6.6-5.4 12-12 12h-40c-6.6 0-12-5.4-12-12v-40c0-6.6 5.4-12 12-12h40c6.6 0 12 5.4 12 12v40z\"><\/path><\/svg>\t\t\t<\/span>\n\t\t\t\t\t\t\t\t\t<span class=\"elementor-button-text\">LET'S MAKE YOUR VIDEO<\/span>\n\t\t\t\t\t<\/span>\n\t\t\t\t\t<\/a>\n\t\t\t\t<\/div>\n\t\t\t\t\t\t\t\t<\/div>\n\t\t\t\t<\/div>\n\t\t\t\t\t<\/div>\n\t\t<\/div>\n\t\t\t\t\t<\/div>\n\t\t<\/section>\n\t\t\t\t<\/div>","protected":false},"excerpt":{"rendered":"<p>CONTACTO Tel\u00e9fono (593) 992 874 991 Email contacto@zincofilms.com Websites www.zincofilms.com Direcci\u00f3n E16-16, Orqu\u00eddeas DA TU PRIMER PASO NOS AJUSTAMOS A TU PRESUPUESTO HAGAMOS TU VIDEO<\/p>","protected":false},"author":1,"featured_media":0,"parent":0,"menu_order":0,"comment_status":"closed","ping_status":"closed","template":"","meta":{"footnotes":""},"class_list":["post-692","page","type-page","status-publish","hentry"],"yoast_head":"<!-- This site is optimized with the Yoast SEO plugin v27.4 - https:\/\/yoast.com\/product\/yoast-seo-wordpress\/ -->\n<title>CONTACTO - Zinco films<\/title>\n<meta name=\"robots\" content=\"index, follow, max-snippet:-1, max-image-preview:large, max-video-preview:-1\" \/>\n<link rel=\"canonical\" href=\"https:\/\/zincofilms.com\/en\/contacto\/\" \/>\n<meta property=\"og:locale\" content=\"en_US\" \/>\n<meta property=\"og:type\" content=\"article\" \/>\n<meta property=\"og:title\" content=\"CONTACTO - Zinco films\" \/>\n<meta property=\"og:description\" content=\"CONTACTO Tel\u00e9fono (593) 992 874 991 Email contacto@zincofilms.com Websites www.zincofilms.com Direcci\u00f3n E16-16, Orqu\u00eddeas DA TU PRIMER PASO NOS AJUSTAMOS A TU PRESUPUESTO HAGAMOS TU VIDEO\" \/>\n<meta property=\"og:url\" content=\"https:\/\/zincofilms.com\/en\/contacto\/\" \/>\n<meta property=\"og:site_name\" content=\"Zinco films\" \/>\n<meta property=\"article:publisher\" content=\"https:\/\/www.facebook.com\/Zincofilms\/\" \/>\n<meta property=\"article:modified_time\" content=\"2023-11-19T18:02:51+00:00\" \/>\n<meta property=\"og:image\" content=\"https:\/\/zincofilms.com\/wp-content\/uploads\/2024\/01\/Opengraph.jpeg\" \/>\n\t<meta property=\"og:image:width\" content=\"500\" \/>\n\t<meta property=\"og:image:height\" content=\"261\" \/>\n\t<meta property=\"og:image:type\" content=\"image\/jpeg\" \/>\n<meta name=\"twitter:card\" content=\"summary_large_image\" \/>\n<script type=\"application\/ld+json\" class=\"yoast-schema-graph\">{\"@context\":\"https:\\\/\\\/schema.org\",\"@graph\":[{\"@type\":\"WebPage\",\"@id\":\"https:\\\/\\\/zincofilms.com\\\/contacto\\\/\",\"url\":\"https:\\\/\\\/zincofilms.com\\\/contacto\\\/\",\"name\":\"CONTACTO - Zinco films\",\"isPartOf\":{\"@id\":\"https:\\\/\\\/zincofilms.com\\\/#website\"},\"datePublished\":\"2023-11-18T01:35:35+00:00\",\"dateModified\":\"2023-11-19T18:02:51+00:00\",\"breadcrumb\":{\"@id\":\"https:\\\/\\\/zincofilms.com\\\/contacto\\\/#breadcrumb\"},\"inLanguage\":\"en-US\",\"potentialAction\":[{\"@type\":\"ReadAction\",\"target\":[\"https:\\\/\\\/zincofilms.com\\\/contacto\\\/\"]}]},{\"@type\":\"BreadcrumbList\",\"@id\":\"https:\\\/\\\/zincofilms.com\\\/contacto\\\/#breadcrumb\",\"itemListElement\":[{\"@type\":\"ListItem\",\"position\":1,\"name\":\"Inicio\",\"item\":\"https:\\\/\\\/zincofilms.com\\\/\"},{\"@type\":\"ListItem\",\"position\":2,\"name\":\"CONTACTO\"}]},{\"@type\":\"WebSite\",\"@id\":\"https:\\\/\\\/zincofilms.com\\\/#website\",\"url\":\"https:\\\/\\\/zincofilms.com\\\/\",\"name\":\"Zincofilms\",\"description\":\"Nosotros ponemos la Magia!!\",\"publisher\":{\"@id\":\"https:\\\/\\\/zincofilms.com\\\/#organization\"},\"potentialAction\":[{\"@type\":\"SearchAction\",\"target\":{\"@type\":\"EntryPoint\",\"urlTemplate\":\"https:\\\/\\\/zincofilms.com\\\/?s={search_term_string}\"},\"query-input\":{\"@type\":\"PropertyValueSpecification\",\"valueRequired\":true,\"valueName\":\"search_term_string\"}}],\"inLanguage\":\"en-US\"},{\"@type\":\"Organization\",\"@id\":\"https:\\\/\\\/zincofilms.com\\\/#organization\",\"name\":\"Zincofilms\",\"url\":\"https:\\\/\\\/zincofilms.com\\\/\",\"logo\":{\"@type\":\"ImageObject\",\"inLanguage\":\"en-US\",\"@id\":\"https:\\\/\\\/zincofilms.com\\\/#\\\/schema\\\/logo\\\/image\\\/\",\"url\":\"http:\\\/\\\/zincofilms.com\\\/wp-content\\\/uploads\\\/2023\\\/11\\\/LOGOmenu.png\",\"contentUrl\":\"http:\\\/\\\/zincofilms.com\\\/wp-content\\\/uploads\\\/2023\\\/11\\\/LOGOmenu.png\",\"width\":120,\"height\":119,\"caption\":\"Zincofilms\"},\"image\":{\"@id\":\"https:\\\/\\\/zincofilms.com\\\/#\\\/schema\\\/logo\\\/image\\\/\"},\"sameAs\":[\"https:\\\/\\\/www.facebook.com\\\/Zincofilms\\\/\",\"https:\\\/\\\/www.instagram.com\\\/zincofilms\",\"https:\\\/\\\/www.tiktok.com\\\/@zincofilms\"]}]}<\/script>\n<!-- \/ Yoast SEO plugin. -->","yoast_head_json":{"title":"CONTACTO - Zinco films","robots":{"index":"index","follow":"follow","max-snippet":"max-snippet:-1","max-image-preview":"max-image-preview:large","max-video-preview":"max-video-preview:-1"},"canonical":"https:\/\/zincofilms.com\/en\/contacto\/","og_locale":"en_US","og_type":"article","og_title":"CONTACTO - Zinco films","og_description":"CONTACTO Tel\u00e9fono (593) 992 874 991 Email contacto@zincofilms.com Websites www.zincofilms.com Direcci\u00f3n E16-16, Orqu\u00eddeas DA TU PRIMER PASO NOS AJUSTAMOS A TU PRESUPUESTO HAGAMOS TU VIDEO","og_url":"https:\/\/zincofilms.com\/en\/contacto\/","og_site_name":"Zinco films","article_publisher":"https:\/\/www.facebook.com\/Zincofilms\/","article_modified_time":"2023-11-19T18:02:51+00:00","og_image":[{"width":500,"height":261,"url":"https:\/\/zincofilms.com\/wp-content\/uploads\/2024\/01\/Opengraph.jpeg","type":"image\/jpeg"}],"twitter_card":"summary_large_image","schema":{"@context":"https:\/\/schema.org","@graph":[{"@type":"WebPage","@id":"https:\/\/zincofilms.com\/contacto\/","url":"https:\/\/zincofilms.com\/contacto\/","name":"CONTACTO - Zinco films","isPartOf":{"@id":"https:\/\/zincofilms.com\/#website"},"datePublished":"2023-11-18T01:35:35+00:00","dateModified":"2023-11-19T18:02:51+00:00","breadcrumb":{"@id":"https:\/\/zincofilms.com\/contacto\/#breadcrumb"},"inLanguage":"en-US","potentialAction":[{"@type":"ReadAction","target":["https:\/\/zincofilms.com\/contacto\/"]}]},{"@type":"BreadcrumbList","@id":"https:\/\/zincofilms.com\/contacto\/#breadcrumb","itemListElement":[{"@type":"ListItem","position":1,"name":"Inicio","item":"https:\/\/zincofilms.com\/"},{"@type":"ListItem","position":2,"name":"CONTACTO"}]},{"@type":"WebSite","@id":"https:\/\/zincofilms.com\/#website","url":"https:\/\/zincofilms.com\/","name":"Zincofilms","description":"Nosotros ponemos la Magia!!","publisher":{"@id":"https:\/\/zincofilms.com\/#organization"},"potentialAction":[{"@type":"SearchAction","target":{"@type":"EntryPoint","urlTemplate":"https:\/\/zincofilms.com\/?s={search_term_string}"},"query-input":{"@type":"PropertyValueSpecification","valueRequired":true,"valueName":"search_term_string"}}],"inLanguage":"en-US"},{"@type":"Organization","@id":"https:\/\/zincofilms.com\/#organization","name":"Zincofilms","url":"https:\/\/zincofilms.com\/","logo":{"@type":"ImageObject","inLanguage":"en-US","@id":"https:\/\/zincofilms.com\/#\/schema\/logo\/image\/","url":"http:\/\/zincofilms.com\/wp-content\/uploads\/2023\/11\/LOGOmenu.png","contentUrl":"http:\/\/zincofilms.com\/wp-content\/uploads\/2023\/11\/LOGOmenu.png","width":120,"height":119,"caption":"Zincofilms"},"image":{"@id":"https:\/\/zincofilms.com\/#\/schema\/logo\/image\/"},"sameAs":["https:\/\/www.facebook.com\/Zincofilms\/","https:\/\/www.instagram.com\/zincofilms","https:\/\/www.tiktok.com\/@zincofilms"]}]}},"_links":{"self":[{"href":"https:\/\/zincofilms.com\/en\/wp-json\/wp\/v2\/pages\/692","targetHints":{"allow":["GET"]}}],"collection":[{"href":"https:\/\/zincofilms.com\/en\/wp-json\/wp\/v2\/pages"}],"about":[{"href":"https:\/\/zincofilms.com\/en\/wp-json\/wp\/v2\/types\/page"}],"author":[{"embeddable":true,"href":"https:\/\/zincofilms.com\/en\/wp-json\/wp\/v2\/users\/1"}],"replies":[{"embeddable":true,"href":"https:\/\/zincofilms.com\/en\/wp-json\/wp\/v2\/comments?post=692"}],"version-history":[{"count":40,"href":"https:\/\/zincofilms.com\/en\/wp-json\/wp\/v2\/pages\/692\/revisions"}],"predecessor-version":[{"id":746,"href":"https:\/\/zincofilms.com\/en\/wp-json\/wp\/v2\/pages\/692\/revisions\/746"}],"wp:attachment":[{"href":"https:\/\/zincofilms.com\/en\/wp-json\/wp\/v2\/media?parent=692"}],"curies":[{"name":"wp","href":"https:\/\/api.w.org\/{rel}","templated":true}]}}